{"id":194,"date":"2025-11-12T13:40:53","date_gmt":"2025-11-12T12:40:53","guid":{"rendered":"https:\/\/wp.bma-sachverstaendiger.de\/?page_id=194"},"modified":"2026-03-07T14:55:36","modified_gmt":"2026-03-07T13:55:36","slug":"kontakt","status":"publish","type":"page","link":"https:\/\/bma-sachverstaendiger.de\/?page_id=194","title":{"rendered":"Kontakt"},"content":{"rendered":"\n    \n    <section class=\"u-clearfix u-section-2\" id=\"block-1\">\n      <div class=\"u-clearfix u-sheet u-sheet-1\">\n        <div class=\"data-layout-selected u-clearfix u-expanded-width u-layout-wrap u-layout-wrap-1\">\n          <div class=\"u-layout\" style=\"\">\n            <div class=\"u-layout-row\" style=\"\">\n              <div class=\"u-container-style u-grey-5 u-layout-cell u-size-30-lg u-size-30-xl u-size-34-md u-size-34-sm u-size-34-xs u-layout-cell-1\">\n                <div class=\"u-container-layout u-valign-top-md u-container-layout-1\">\n                  <h2 class=\"u-text u-text-custom-color-1 u-text-default u-text-1\">Kontakt<\/h2>\n                  <p class=\"u-text u-text-2\">\n                    <a class=\"u-active-none u-border-none u-btn u-button-link u-button-style u-hover-none u-none u-text-palette-1-base u-btn-1\" href=\"tel:+49(0)35572 944 72\"><span style=\"font-weight: 700; font-size: 1rem;\" class=\"u-text-black\">Telefon:&nbsp;&nbsp;<\/span>+49(0)355 \/ 72 944 72<br>\n                    <\/a>\n                  <\/p>\n                  <p class=\"u-text u-text-3\">\n                    <a class=\"u-active-none u-border-none u-btn u-button-link u-button-style u-hover-none u-none u-text-palette-1-base u-btn-2\" href=\"mailto:info@bma-sachverstaendiger.de\"><span style=\"font-weight: 700;\" class=\"u-text-black\">E-Mail:<\/span> &nbsp; &nbsp;<span style=\"font-size: 1rem;\">&nbsp;info@bma-sachverstaendiger.de<\/span>\n                      <br>\n                      <br>\n                    <\/a>\n                  <\/p>\n                  <p class=\"u-text u-text-4\"><span style=\"font-weight: 700;\">Sachverst\u00e4ndigenb\u00fcro Schneider<\/span>\n                    <br>Dipl.-Ing. (FH) Erik Schneider<br>Gerhart-Hauptmann-Str. 15 \/ S\u00fcd 9<br>D-03044 Cottbus<br>\n                  <\/p>\n                  <a class=\"u-active-none u-align-left u-border-none u-btn u-button-link u-button-style u-hover-none u-none u-text-palette-1-base u-btn-3\" href=\"mailto:info@bma-sachverstaendiger.de\">\n                    <font color=\"#000000\"><b>Anfahrt:<\/b>\n                    <\/font>\n                    <br>\n                  <\/a>\n                  <p class=\"u-text u-text-5\"> Sie erreichen mein Sachverst\u00e4ndigenb\u00fcro, indem Sie in Richtung des TKC-Einkaufscenters am Nordring fahren.&nbsp;<br>Links neben diesem Center befindet sich das \u00c4rztehaus-Nord mit B\u00fcrogeb\u00e4ude.&nbsp;<br>Mein Sachverst\u00e4ndigenb\u00fcro befindet sich auf der rechten B\u00fcroseite dieses Geb\u00e4udes in der 1. Etage (neben dem Eurojob-Center).Parkpl\u00e4tze sind auf diesem Areal in der Regel ausreichend vorhanden.<br>\n                    <br><span style=\"font-weight: 700;\">Wichtiger Hinweis:<\/span>\n                    <br>Meine werten Kunden, Interessenten und Vertreter bitte ich h\u00f6flichst um vorherige telefonische Anmeldung, damit ich mich auf Ihren Besuch optimal vorbereiten kann.\n                  <\/p>\n                <\/div>\n              <\/div>\n              <div class=\"u-container-align-center u-container-style u-layout-cell u-shape-rectangle u-size-26-md u-size-26-sm u-size-26-xs u-size-30-lg u-size-30-xl u-layout-cell-2\">\n                <div class=\"u-container-layout u-container-layout-2\">\n                  <div class=\"u-absolute-hcenter u-expanded u-grey-light-2 u-map\">\n                    <div class=\"embed-responsive\">\n                      <iframe class=\"embed-responsive-item\" src=\"https:\/\/maps.google.com\/maps?output=embed&amp;q=Dipl.-Ing.%20(FH)%20Erik%20Schneider%0AGerhart-Hauptmann-Str.%2015%20%2F%20S%C3%BCd%209%0AD-03044%20Cottbus&amp;z=10&amp;t=m\" data-map=\"JTdCJTIycG9zaXRpb25UeXBlJTIyJTNBJTIybWFwLWFkZHJlc3MlMjIlMkMlMjJhZGRyZXNzJTIyJTNBJTIyRGlwbC4tSW5nLiUyMChGSCklMjBFcmlrJTIwU2NobmVpZGVyJTVDbkdlcmhhcnQtSGF1cHRtYW5uLVN0ci4lMjAxNSUyMCUyRiUyMFMlQzMlQkNkJTIwOSU1Q25ELTAzMDQ0JTIwQ290dGJ1cyUyMiUyQyUyMnpvb20lMjIlM0ExMCUyQyUyMnR5cGVJZCUyMiUzQSUyMnJvYWQlMjIlMkMlMjJsYW5nJTIyJTNBbnVsbCUyQyUyMmFwaUtleSUyMiUzQW51bGwlMkMlMjJtYXJrZXJzJTIyJTNBJTVCJTVEJTdE\"><\/iframe>\n                    <\/div>\n                  <\/div>\n                <\/div>\n              <\/div>\n            <\/div>\n          <\/div>\n        <\/div>\n      <\/div>\n    <\/section>\n    <section class=\"u-align-center u-clearfix u-container-align-center u-container-align-center-lg u-container-align-center-md u-container-align-center-sm u-container-align-center-xl u-grey-5 u-section-3\" id=\"block-2\">\n      <div class=\"u-clearfix u-sheet u-valign-middle-lg u-sheet-1\">\n        <h2 class=\"u-text u-text-custom-color-1 u-text-default u-text-1\">Kontaktformular<\/h2>\n        <div class=\"u-border-2 u-border-grey-75 u-expanded-width-md u-expanded-width-sm u-expanded-width-xs u-form u-form-1\">\n                  <script>\n            function onSuccess(event) {\n                if (typeof window.serviceRequest !== 'undefined') {\n                    window.serviceRequest(jQuery(this).find('form'));\n                }\n                var msgContainer = jQuery(event.currentTarget).find('.wpcf7-response-output');\n                msgContainer.removeClass('u-form-send-error').addClass('u-form-send-message u-form-send-success');\n                msgContainer.show();\n                var redirectAddress = jQuery(event.currentTarget).find('[redirect-address]').attr('redirect-address');\n                if (redirectAddress) {\n                    setTimeout(function () {\n                        location.replace(redirectAddress);\n                    }, 2000);\n                }\n            }\n            function onError(event) {\n                var msgContainer = jQuery(event.currentTarget).find('.wpcf7-response-output');\n                msgContainer.removeClass('u-form-send-success').addClass('u-form-send-message u-form-send-error');\n                msgContainer.show();\n            }\n\n            jQuery('body')\n                .on('wpcf7mailsent',   '.u-form .wpcf7', onSuccess)\n                .on('wpcf7invalid',    '.u-form .wpcf7', onError)\n                .on('wpcf7:unaccepted', '.u-form .wpcf7', onError)\n                .on('wpcf7spam',       '.u-form .wpcf7', onError)\n                .on('wpcf7:aborted',    '.u-form .wpcf7', onError)\n                .on('wpcf7mailfailed', '.u-form .wpcf7', onError);\n        <\/script>\n        <style>\n            .u-form .wpcf7-response-output {\n                \/*position: relative !important;*\/\n                margin: 0 !important;\n                bottom: -70px!important;\n            }\n            .u-form .wpcf7 .ajax-loader {\n                margin-left: -24px;\n                margin-right: 0;\n            }\n        <\/style>\n\n<div class=\"wpcf7 no-js\" id=\"wpcf7-f419-o1\" lang=\"de-DE\" dir=\"ltr\" data-wpcf7-id=\"419\">\n<div class=\"screen-reader-response\"><p role=\"status\" aria-live=\"polite\" aria-atomic=\"true\"><\/p> <ul><\/ul><\/div>\n<form style=\"padding: 10px;\" action=\"\/index.php?rest_route=%2Fwp%2Fv2%2Fpages%2F194#wpcf7-f419-o1\" method=\"post\" class=\"wpcf7-form init u-clearfix u-form-spacing-20 u-form-vertical u-inner-form u-form-custom-backend\" aria-label=\"Kontaktformular\" novalidate=\"novalidate\" data-status=\"init\">\n<fieldset class=\"hidden-fields-container\"><input type=\"hidden\" name=\"_wpcf7\" value=\"419\" \/><input type=\"hidden\" name=\"_wpcf7_version\" value=\"6.1.5\" \/><input type=\"hidden\" name=\"_wpcf7_locale\" value=\"de_DE\" \/><input type=\"hidden\" name=\"_wpcf7_unit_tag\" value=\"wpcf7-f419-o1\" \/><input type=\"hidden\" name=\"_wpcf7_container_post\" value=\"0\" \/><input type=\"hidden\" name=\"_wpcf7_posted_data_hash\" value=\"\" \/><input type=\"hidden\" name=\"_wpcf7_recaptcha_response\" value=\"\" \/>\n<\/fieldset>\n\n            <p class=\"u-form-group wpcf7-form-control-wrap u-form-text u-label-none u-text u-text-2\"> Welche Anlagenart soll gepr\u00fcft werden? <\/p>\n            <div class=\"u-form-group wpcf7-form-control-wrap u-form-input-layout-horizontal u-form-select u-label-none u-form-group wpcf7-form-control-wrap-2\">\n              <label for=\"select-b880\" class=\"u-label\">Dropdown<\/label>\n              <div class=\"u-form-select-wrapper\">\n                <select id=\"select-b880\" name=\"select\" class=\"u-input wpcf7-form-control u-input-rectangle\">\n                  <option value=\"Brandmeldeanlage\" data-calc=\"\">Brandmeldeanlage<\/option>\n                  <option value=\"Alarmierungsanlage\" data-calc=\"\">Alarmierungsanlage<\/option>\n                  <option value=\"Brandmeldekonzept nach DIN 14675\" data-calc=\"\">Brandmeldekonzept nach DIN 14675<\/option>\n                  <option value=\"Sonstiges\" data-calc=\"\">Sonstiges<\/option>\n                <\/select>\n                <svg class=\"u-caret u-caret-svg\" version=\"1.1\" id=\"Layer_1\" xmlns=\"http:\/\/www.w3.org\/2000\/svg\" xmlns:xlink=\"http:\/\/www.w3.org\/1999\/xlink\" x=\"0px\" y=\"0px\" width=\"16px\" height=\"16px\" viewBox=\"0 0 16 16\" style=\"fill:currentColor;\" xml:space=\"preserve\"><polygon class=\"st0\" points=\"8,12 2,4 14,4 \"><\/polygon><\/svg>\n              <\/div>\n            <\/div>\n            <p class=\"u-form-group wpcf7-form-control-wrap u-form-text u-label-none u-text u-text-3\"> W\u00e4hlen Sie das zu pr\u00fcfende Objekt aus: <\/p>\n            <div class=\"u-form-group wpcf7-form-control-wrap u-form-input-layout-horizontal u-form-select u-label-none u-form-group wpcf7-form-control-wrap-4\">\n              <label for=\"select-022e\" class=\"u-label\">Dropdown<\/label>\n              <div class=\"u-form-select-wrapper\">\n                <select id=\"select-022e\" name=\"select-1\" class=\"u-input wpcf7-form-control u-input-rectangle\">\n                  <option value=\"Krankenaus\" data-calc=\"\">Krankenaus<\/option>\n                  <option value=\"Museum\" data-calc=\"\">Museum<\/option>\n                  <option value=\"Industriegeb\u00e4ude\" data-calc=\"\">Industriegeb\u00e4ude<\/option>\n                  <option value=\"B\u00fcrogeb\u00e4ude\" data-calc=\"\">B\u00fcrogeb\u00e4ude<\/option>\n                  <option value=\"Hochhaus\" data-calc=\"\">Hochhaus<\/option>\n                  <option value=\"Einkaufszentrum\" data-calc=\"\">Einkaufszentrum<\/option>\n                  <option value=\"Hotel\" data-calc=\"\">Hotel<\/option>\n                  <option value=\"Schule\" data-calc=\"\">Schule<\/option>\n                  <option value=\"Kindergarten\" data-calc=\"\">Kindergarten<\/option>\n                  <option value=\"Sonstiges\" data-calc=\"\">Sonstiges<\/option>\n                <\/select>\n                <svg class=\"u-caret u-caret-svg\" version=\"1.1\" id=\"Layer_1\" xmlns=\"http:\/\/www.w3.org\/2000\/svg\" xmlns:xlink=\"http:\/\/www.w3.org\/1999\/xlink\" x=\"0px\" y=\"0px\" width=\"16px\" height=\"16px\" viewBox=\"0 0 16 16\" style=\"fill:currentColor;\" xml:space=\"preserve\"><polygon class=\"st0\" points=\"8,12 2,4 14,4 \"><\/polygon><\/svg>\n              <\/div>\n            <\/div>\n            <p class=\"u-form-group wpcf7-form-control-wrap u-form-text u-label-none u-text u-text-4\"> Angaben<\/p>\n            <div class=\"u-form-group wpcf7-form-control-wrap u-form-input-layout-horizontal u-label-none u-form-group wpcf7-form-control-wrap-6\">\n              <label for=\"text-f2a0\" class=\"u-label\">Firma<\/label>\n              <input type=\"text\" placeholder=\"Firma\" id=\"text-f2a0\" name=\"Firma\" class=\"u-input wpcf7-form-control u-input-rectangle\" required=\"required\">\n            <\/div>\n            <div class=\"u-form-group wpcf7-form-control-wrap u-form-input-layout-horizontal u-label-none u-form-group wpcf7-form-control-wrap-7\">\n              <label for=\"text-3c36\" class=\"u-label\">Abteilung<\/label>\n              <input type=\"text\" placeholder=\"Abteilung\" id=\"text-3c36\" name=\"Abteilung\" class=\"u-input wpcf7-form-control u-input-rectangle\">\n            <\/div>\n            <div class=\"u-form-group wpcf7-form-control-wrap u-form-name u-label-none\">\n              <label for=\"name-7773\" class=\"u-label\">Name<\/label>\n              <input type=\"text\" placeholder=\"Name\" id=\"name-7773\" name=\"name1\" class=\"u-input wpcf7-form-control u-input-rectangle\" required=\"\">\n            <\/div>\n            <div class=\"u-form-group wpcf7-form-control-wrap u-form-input-layout-horizontal u-label-none u-form-group wpcf7-form-control-wrap-9\">\n              <label for=\"street-851b\" class=\"u-label\">Stra\u00dfe<\/label>\n              <input type=\"text\" placeholder=\"Stra\u00dfe und Nummer\" id=\"street-851b\" name=\"street\" class=\"u-input wpcf7-form-control u-input-rectangle\" required=\"required\">\n            <\/div>\n            <div class=\"u-form-group wpcf7-form-control-wrap u-form-input-layout-horizontal u-label-none u-form-group wpcf7-form-control-wrap-10\">\n              <label for=\"zip-851b\" class=\"u-label\">PLZ<\/label>\n              <input type=\"text\" placeholder=\"PLZ und Ort\" id=\"zip-851b\" name=\"city\" class=\"u-input wpcf7-form-control u-input-rectangle\" required=\"required\">\n            <\/div>\n            <div class=\"u-form-email u-form-group wpcf7-form-control-wrap u-label-none\">\n              <label for=\"email-7773\" class=\"u-label\">E-Mail<\/label>\n              <input type=\"email\" placeholder=\"g\u00fcltige E-Mail-Adresse\" id=\"email-7773\" name=\"email\" class=\"u-input wpcf7-form-control u-input-rectangle\" required=\"\">\n            <\/div>\n            <div class=\"u-form-group wpcf7-form-control-wrap u-form-input-layout-horizontal u-form-phone u-label-none u-form-group wpcf7-form-control-wrap-12\">\n              <label for=\"phone-4f00\" class=\"u-label\">Telefon<\/label>\n              <input type=\"tel\" placeholder=\"01512 3456789\" id=\"phone-4f00\" name=\"phone\" class=\"u-input wpcf7-form-control u-input-rectangle\" data-country-code=\"de\">\n            <\/div>\n            <div class=\"u-form-group wpcf7-form-control-wrap u-form-message u-label-none\">\n              <label for=\"message-7773\" class=\"u-label\">Nachricht<\/label>\n              <textarea placeholder=\"Ihr Anliegen\" rows=\"7\" cols=\"50\" id=\"message-7773\" name=\"message\" class=\"u-input wpcf7-form-control u-input-rectangle\" required=\"\"><\/textarea>\n            <\/div>\n            <div class=\"u-form-checkbox u-form-group wpcf7-form-control-wrap u-form-input-layout-horizontal u-label-none u-form-group wpcf7-form-control-wrap-14\">\n              <input type=\"checkbox\" id=\"checkbox-9b31\" name=\"checkbox\" value=\"On\" class=\"u-field-input\" required=\"required\">\n              <label for=\"checkbox-9b31\" class=\"u-field-label\"> Ich erkl\u00e4re mich mit den Datenschutzbestimmungen einverstanden. <\/label>\n            <\/div>\n            <div class=\"u-align-left u-form-group wpcf7-form-control-wrap u-form-submit wpcf7-form-control u-label-none\">\n              <a href=\"#\" class=\"u-btn u-btn-submit wpcf7-submit u-button-style u-custom-color-1 u-btn-1\">Absenden<\/a>\n              <input type=\"submit\" value=\"submit\" class=\"u-form-control-hidden\">\n            <\/div>\n            <div class=\"u-form-send-message u-form-send-success\"> Vielen Dank! Deine Nachricht wurde gesendet. <\/div>\n            <div class=\"u-form-send-error u-form-send-message\"> Deine Nachricht konnte nicht gesendet werden. Bitte behebe die Fehler und versuche es erneut. <\/div>\n            <input type=\"hidden\" value=\"\" name=\"recaptchaResponse\">\n          <input type=\"hidden\" name=\"_contact7_backend\" value=\"1\"><div class=\"wpcf7-response-output\" aria-hidden=\"true\"><\/div>\n<\/form>\n<\/div>\n\n        <\/div>\n      <\/div>\n    <\/section>\n    \n    \n    \n  \n","protected":false},"excerpt":{"rendered":"<p>Kontakt Telefon:&nbsp;&nbsp;+49(0)355 \/ 72 944 72 E-Mail: &nbsp; &nbsp;&nbsp;info@bma-sachverstaendiger.de Sachverst\u00e4ndigenb\u00fcro Schneider Dipl.-Ing. (FH) Erik SchneiderGerhart-Hauptmann-Str. 15 \/ S\u00fcd 9D-03044 Cottbus Anfahrt: Sie erreichen mein Sachverst\u00e4ndigenb\u00fcro, indem Sie in Richtung des TKC-Einkaufscenters am Nordring fahren.&nbsp;Links neben diesem Center befindet sich das \u00c4rztehaus-Nord mit B\u00fcrogeb\u00e4ude.&nbsp;Mein Sachverst\u00e4ndigenb\u00fcro befindet sich auf der rechten B\u00fcroseite dieses Geb\u00e4udes in der 1. &hellip; <a href=\"https:\/\/bma-sachverstaendiger.de\/?page_id=194\" class=\"more-link\">Continue reading<span class=\"screen-reader-text\"> &#8222;Kontakt&#8220;<\/span><\/a><\/p>\n","protected":false},"author":1,"featured_media":0,"parent":0,"menu_order":2,"comment_status":"closed","ping_status":"closed","template":"","meta":{"footnotes":""},"class_list":["post-194","page","type-page","status-publish","hentry"],"yoast_head":"<!-- This site is optimized with the Yoast SEO plugin v27.4 - https:\/\/yoast.com\/product\/yoast-seo-wordpress\/ -->\n<title>Kontakt - Sachverst\u00e4ndigenb\u00fcro Schneider<\/title>\n<meta name=\"robots\" content=\"index, follow, max-snippet:-1, max-image-preview:large, max-video-preview:-1\" \/>\n<link rel=\"canonical\" href=\"https:\/\/bma-sachverstaendiger.de\/?page_id=194\" \/>\n<meta property=\"og:locale\" content=\"de_DE\" \/>\n<meta property=\"og:type\" content=\"article\" \/>\n<meta property=\"og:title\" content=\"Kontakt - Sachverst\u00e4ndigenb\u00fcro Schneider\" \/>\n<meta property=\"og:description\" content=\"Kontakt Telefon:&nbsp;&nbsp;+49(0)355 \/ 72 944 72 E-Mail: &nbsp; &nbsp;&nbsp;info@bma-sachverstaendiger.de Sachverst\u00e4ndigenb\u00fcro Schneider Dipl.-Ing. (FH) Erik SchneiderGerhart-Hauptmann-Str. 15 \/ S\u00fcd 9D-03044 Cottbus Anfahrt: Sie erreichen mein Sachverst\u00e4ndigenb\u00fcro, indem Sie in Richtung des TKC-Einkaufscenters am Nordring fahren.&nbsp;Links neben diesem Center befindet sich das \u00c4rztehaus-Nord mit B\u00fcrogeb\u00e4ude.&nbsp;Mein Sachverst\u00e4ndigenb\u00fcro befindet sich auf der rechten B\u00fcroseite dieses Geb\u00e4udes in der 1. &hellip; Continue reading &quot;Kontakt&quot;\" \/>\n<meta property=\"og:url\" content=\"https:\/\/bma-sachverstaendiger.de\/?page_id=194\" \/>\n<meta property=\"og:site_name\" content=\"Sachverst\u00e4ndigenb\u00fcro Schneider\" \/>\n<meta property=\"article:modified_time\" content=\"2026-03-07T13:55:36+00:00\" \/>\n<meta name=\"twitter:card\" content=\"summary_large_image\" \/>\n<meta name=\"twitter:label1\" content=\"Gesch\u00e4tzte Lesezeit\" \/>\n\t<meta name=\"twitter:data1\" content=\"1\u00a0Minute\" \/>\n<script type=\"application\/ld+json\" class=\"yoast-schema-graph\">{\"@context\":\"https:\\\/\\\/schema.org\",\"@graph\":[{\"@type\":\"WebPage\",\"@id\":\"https:\\\/\\\/bma-sachverstaendiger.de\\\/?page_id=194\",\"url\":\"https:\\\/\\\/bma-sachverstaendiger.de\\\/?page_id=194\",\"name\":\"Kontakt - Sachverst\u00e4ndigenb\u00fcro Schneider\",\"isPartOf\":{\"@id\":\"https:\\\/\\\/bma-sachverstaendiger.de\\\/#website\"},\"datePublished\":\"2025-11-12T12:40:53+00:00\",\"dateModified\":\"2026-03-07T13:55:36+00:00\",\"breadcrumb\":{\"@id\":\"https:\\\/\\\/bma-sachverstaendiger.de\\\/?page_id=194#breadcrumb\"},\"inLanguage\":\"de\",\"potentialAction\":[{\"@type\":\"ReadAction\",\"target\":[\"https:\\\/\\\/bma-sachverstaendiger.de\\\/?page_id=194\"]}]},{\"@type\":\"BreadcrumbList\",\"@id\":\"https:\\\/\\\/bma-sachverstaendiger.de\\\/?page_id=194#breadcrumb\",\"itemListElement\":[{\"@type\":\"ListItem\",\"position\":1,\"name\":\"Start\",\"item\":\"https:\\\/\\\/bma-sachverstaendiger.de\\\/\"},{\"@type\":\"ListItem\",\"position\":2,\"name\":\"Kontakt\"}]},{\"@type\":\"WebSite\",\"@id\":\"https:\\\/\\\/bma-sachverstaendiger.de\\\/#website\",\"url\":\"https:\\\/\\\/bma-sachverstaendiger.de\\\/\",\"name\":\"Sachverst\u00e4ndigenb\u00fcro Dipl.-Ing. (FH) Erik Schneider\",\"description\":\"Dipl.-Ing. (FH) Erik Schneider\",\"potentialAction\":[{\"@type\":\"SearchAction\",\"target\":{\"@type\":\"EntryPoint\",\"urlTemplate\":\"https:\\\/\\\/bma-sachverstaendiger.de\\\/?s={search_term_string}\"},\"query-input\":{\"@type\":\"PropertyValueSpecification\",\"valueRequired\":true,\"valueName\":\"search_term_string\"}}],\"inLanguage\":\"de\"}]}<\/script>\n<!-- \/ Yoast SEO plugin. -->","yoast_head_json":{"title":"Kontakt - Sachverst\u00e4ndigenb\u00fcro Schneider","robots":{"index":"index","follow":"follow","max-snippet":"max-snippet:-1","max-image-preview":"max-image-preview:large","max-video-preview":"max-video-preview:-1"},"canonical":"https:\/\/bma-sachverstaendiger.de\/?page_id=194","og_locale":"de_DE","og_type":"article","og_title":"Kontakt - Sachverst\u00e4ndigenb\u00fcro Schneider","og_description":"Kontakt Telefon:&nbsp;&nbsp;+49(0)355 \/ 72 944 72 E-Mail: &nbsp; &nbsp;&nbsp;info@bma-sachverstaendiger.de Sachverst\u00e4ndigenb\u00fcro Schneider Dipl.-Ing. (FH) Erik SchneiderGerhart-Hauptmann-Str. 15 \/ S\u00fcd 9D-03044 Cottbus Anfahrt: Sie erreichen mein Sachverst\u00e4ndigenb\u00fcro, indem Sie in Richtung des TKC-Einkaufscenters am Nordring fahren.&nbsp;Links neben diesem Center befindet sich das \u00c4rztehaus-Nord mit B\u00fcrogeb\u00e4ude.&nbsp;Mein Sachverst\u00e4ndigenb\u00fcro befindet sich auf der rechten B\u00fcroseite dieses Geb\u00e4udes in der 1. &hellip; Continue reading \"Kontakt\"","og_url":"https:\/\/bma-sachverstaendiger.de\/?page_id=194","og_site_name":"Sachverst\u00e4ndigenb\u00fcro Schneider","article_modified_time":"2026-03-07T13:55:36+00:00","twitter_card":"summary_large_image","twitter_misc":{"Gesch\u00e4tzte Lesezeit":"1\u00a0Minute"},"schema":{"@context":"https:\/\/schema.org","@graph":[{"@type":"WebPage","@id":"https:\/\/bma-sachverstaendiger.de\/?page_id=194","url":"https:\/\/bma-sachverstaendiger.de\/?page_id=194","name":"Kontakt - Sachverst\u00e4ndigenb\u00fcro Schneider","isPartOf":{"@id":"https:\/\/bma-sachverstaendiger.de\/#website"},"datePublished":"2025-11-12T12:40:53+00:00","dateModified":"2026-03-07T13:55:36+00:00","breadcrumb":{"@id":"https:\/\/bma-sachverstaendiger.de\/?page_id=194#breadcrumb"},"inLanguage":"de","potentialAction":[{"@type":"ReadAction","target":["https:\/\/bma-sachverstaendiger.de\/?page_id=194"]}]},{"@type":"BreadcrumbList","@id":"https:\/\/bma-sachverstaendiger.de\/?page_id=194#breadcrumb","itemListElement":[{"@type":"ListItem","position":1,"name":"Start","item":"https:\/\/bma-sachverstaendiger.de\/"},{"@type":"ListItem","position":2,"name":"Kontakt"}]},{"@type":"WebSite","@id":"https:\/\/bma-sachverstaendiger.de\/#website","url":"https:\/\/bma-sachverstaendiger.de\/","name":"Sachverst\u00e4ndigenb\u00fcro Dipl.-Ing. (FH) Erik Schneider","description":"Dipl.-Ing. (FH) Erik Schneider","potentialAction":[{"@type":"SearchAction","target":{"@type":"EntryPoint","urlTemplate":"https:\/\/bma-sachverstaendiger.de\/?s={search_term_string}"},"query-input":{"@type":"PropertyValueSpecification","valueRequired":true,"valueName":"search_term_string"}}],"inLanguage":"de"}]}},"_links":{"self":[{"href":"https:\/\/bma-sachverstaendiger.de\/index.php?rest_route=\/wp\/v2\/pages\/194","targetHints":{"allow":["GET"]}}],"collection":[{"href":"https:\/\/bma-sachverstaendiger.de\/index.php?rest_route=\/wp\/v2\/pages"}],"about":[{"href":"https:\/\/bma-sachverstaendiger.de\/index.php?rest_route=\/wp\/v2\/types\/page"}],"author":[{"embeddable":true,"href":"https:\/\/bma-sachverstaendiger.de\/index.php?rest_route=\/wp\/v2\/users\/1"}],"replies":[{"embeddable":true,"href":"https:\/\/bma-sachverstaendiger.de\/index.php?rest_route=%2Fwp%2Fv2%2Fcomments&post=194"}],"version-history":[{"count":41,"href":"https:\/\/bma-sachverstaendiger.de\/index.php?rest_route=\/wp\/v2\/pages\/194\/revisions"}],"predecessor-version":[{"id":444,"href":"https:\/\/bma-sachverstaendiger.de\/index.php?rest_route=\/wp\/v2\/pages\/194\/revisions\/444"}],"wp:attachment":[{"href":"https:\/\/bma-sachverstaendiger.de\/index.php?rest_route=%2Fwp%2Fv2%2Fmedia&parent=194"}],"curies":[{"name":"wp","href":"https:\/\/api.w.org\/{rel}","templated":true}]}}